{"id":87,"date":"2022-04-08T10:24:22","date_gmt":"2022-04-08T08:24:22","guid":{"rendered":"https:\/\/bourgogne-david-moreau.com\/en\/?page_id=87"},"modified":"2023-12-11T16:42:15","modified_gmt":"2023-12-11T15:42:15","slug":"legal-notice","status":"publish","type":"page","link":"https:\/\/bourgogne-david-moreau.com\/en\/legal-notice\/","title":{"rendered":"Legal Notice"},"content":{"rendered":"<p>La marque David MOREAU tient \u00e0 jour le pr\u00e9sent site internet pour l\u2019usage personnel des personnes l\u00e9galement autoris\u00e9es \u00e0 consommer des boissons alcoolis\u00e9es, et ce dans les pays dans lesquels la consommation de boissons alcoolis\u00e9es est l\u00e9gale.<\/p>\n<h2>PROPRIETE INTELLECTUELLE ET DROIT D\u2019UTILISATION :<\/h2>\n<p>L\u2019ensemble des sites est prot\u00e9g\u00e9 par les lois en vigueur sur la propri\u00e9t\u00e9 intellectuelle. Toute repr\u00e9sentation ou pr\u00e9sentation de site, en tout ou partie ne pourra \u00eatre faite sans l\u2019accord de David MOREAU. Le pr\u00e9sent site constitue une \u0153uvre dont David MOREAU est l\u2019auteur au sens des articles L. 111.1 et suivants du Code de la propri\u00e9t\u00e9 intellectuelle. La conception et le d\u00e9veloppement dudit site ont \u00e9t\u00e9 assur\u00e9s par Anthony PENET \u2013 <a href=\"https:\/\/www.anthonypenet.com\/\">https:\/\/www.anthonypenet.com\/<\/a> Les photographies, textes, slogans, dessins, images, s\u00e9quences anim\u00e9es sonores, ou non, ainsi que toutes \u0153uvres int\u00e9gr\u00e9s dans le site sont la propri\u00e9t\u00e9 du David MOREAU, ou de tiers ayant autoris\u00e9 David MOREAU \u00e0 les utiliser. Les reproductions, sur un support papier ou informatique, dudit site et des \u0153uvres qui y sont reproduites sont autoris\u00e9es sous r\u00e9serve qu\u2019elles soient strictement r\u00e9serv\u00e9es \u00e0 un usage personnel excluant tout usage \u00e0 des fins publicitaires et\/ou commerciales et\/ou d\u2019information et\/ou qu\u2019elles soient conformes aux dispositions de l\u2019article L122-5 du Code de la Propri\u00e9t\u00e9 Intellectuelle. A l\u2019exception des dispositions ci-dessus, toute reproduction, repr\u00e9sentation, utilisation ou modification, par quelque proc\u00e9d\u00e9 que ce soit et sur quelque support que ce soit, de tout ou partie du site, de tout ou partie des diff\u00e9rentes \u0153uvres qui le composent, sans avoir obtenu l\u2019autorisation pr\u00e9alable de David MOREAU, est strictement interdite et constitue un d\u00e9lit de contrefa\u00e7on puni de deux ans d\u2019emprisonnement et de 150 000 Euros d\u2019amende.<\/p>\n<h2>DONNEES PERSONNELLES :<\/h2>\n<p>Vous pouvez consulter ce site sans r\u00e9v\u00e9ler votre identit\u00e9 ou donner la moindre information vous concernant. Les informations recueillies vous concernant sont indispensables pour r\u00e9pondre \u00e0 vos demandes d\u2019information, prise de rendez-vous, r\u00e9servations, etc. Dans un souci de transparence et de protection de vos droits, David MOREAU ne se procurera pas d\u2019informations permettant de vous identifier personnellement, sauf celles que vous \u00eates amen\u00e9 \u00e0 nous communiquer en remplissant et en nous adressant les formulaires figurant sur le site. Les informations que vous nous communiquerez (nom, pr\u00e9nom, adresse\u2026) seront consid\u00e9r\u00e9es comme confidentielles et pourront \u00eatre librement utilis\u00e9es, diffus\u00e9es et conserv\u00e9es par David MOREAU, sous r\u00e9serve des dispositions l\u00e9gales applicables et notamment de la Loi \u00ab Informatique et Libert\u00e9s \u00bb n\u00b078-17 du 6 janvier 1978 ainsi que des dispositions sur le secret bancaire, et ce \u00e0 des fins d\u2019enqu\u00eates, d\u2019analyses, d\u2019op\u00e9rations commerciales et de marketing. Aucune exploitation commerciale, m\u00eame partielle, des donn\u00e9es recueillies ne pourra \u00eatre effectu\u00e9e sans l\u2019accord pr\u00e9alable et \u00e9crit de David MOREAU, selon les circonstances. Conform\u00e9ment \u00e0 l\u2019article 34 de la Loi \u00ab Informatique et Libert\u00e9s \u00bb n\u00b078-17 du 6 janvier 1978, vous disposez d\u2019un droit d\u2019acc\u00e8s et de rectification et de suppression des donn\u00e9es nominatives vous concernant. Pour l\u2019exercer, adressez-vous \u00e0 : David MOREAU \u2013 4 rue de la Bussi\u00e8re, 21590 SANTENAY \u2013 FRANCE. Toutefois, tel que l\u2019exige la loi Informatique et Libert\u00e9s, nous vous informons que vos r\u00e9ponses sont facultatives et que le d\u00e9faut de r\u00e9ponse n\u2019entra\u00eenera aucune cons\u00e9quence particuli\u00e8re. N\u00e9anmoins, vos r\u00e9ponses doivent \u00eatre suffisantes pour nous permettre de traiter l\u2019information et ainsi valider votre demande.<\/p>\n<h2>LIMITATIONS DE RESPONSABILITE :<\/h2>\n<p>L\u2019utilisateur utilise le site \u00e0 ses seuls risques. En aucun cas, David MOREAU ne pourra \u00eatre tenu responsable des dommages directs ou indirects, et notamment pr\u00e9judice mat\u00e9riel, perte de donn\u00e9es ou de programme, pr\u00e9judice financier, r\u00e9sultant de l\u2019acc\u00e8s ou de l\u2019utilisation de ce site ou de tous sites qui lui sont li\u00e9s. Le contenu du site est pr\u00e9sent\u00e9 sans aucune garantie de quelque nature que ce soit. L\u2019acc\u00e8s aux produits et services pr\u00e9sent\u00e9s sur le site peut faire l\u2019objet de restrictions. Vous devez donc vous assurer que la loi du pays \u00e0 partir duquel la connexion est \u00e9tablie vous autorise \u00e0 acc\u00e9der \u00e0 notre site.<\/p>\n<h2>DROIT APPLICABLE :<\/h2>\n<p>L\u2019utilisateur utilise le site \u00e0 ses seuls risques. En aucun cas, David MOREAU ne pourra \u00eatre tenu responsable des dommages directs ou indirects, et notamment pr\u00e9judice mat\u00e9riel, perte de donn\u00e9es ou de programme, pr\u00e9judice financier, r\u00e9sultant de l\u2019acc\u00e8s ou de l\u2019utilisation de ce site ou de tous sites qui lui sont li\u00e9s. Le contenu du site est pr\u00e9sent\u00e9 sans aucune garantie de quelque nature que ce soit. L\u2019acc\u00e8s aux produits et services pr\u00e9sent\u00e9s sur le site peut faire l\u2019objet de restrictions. Vous devez donc vous assurer que la loi du pays \u00e0 partir duquel la connexion est \u00e9tablie vous autorise \u00e0 acc\u00e9der \u00e0 notre site.<\/p>\n<h2>MISE A JOUR DES INFORMATIONS COMMERCIALES :<\/h2>\n<p>Les pr\u00e9sentes pages constituent une pr\u00e9sentation g\u00e9n\u00e9rale de la gamme des produits et services de David MOREAU. David MOREAU se r\u00e9serve le droit de modifier les informations figurant dans le pr\u00e9sent site Internet, \u00e0 tout moment, sans pr\u00e9avis.<\/p>\n","protected":false},"excerpt":{"rendered":"<p>La marque David MOREAU tient \u00e0 jour le pr\u00e9sent site internet pour l\u2019usage personnel des personnes l\u00e9galement autoris\u00e9es \u00e0 consommer [&hellip;]<\/p>\n","protected":false},"author":1,"featured_media":307,"parent":0,"menu_order":0,"comment_status":"closed","ping_status":"closed","template":"","meta":{"_acf_changed":false,"inline_featured_image":false,"footnotes":""},"tags":[],"class_list":["post-87","page","type-page","status-publish","has-post-thumbnail","hentry"],"acf":[],"yoast_head":"<!-- This site is optimized with the Yoast SEO plugin v24.7 - https:\/\/yoast.com\/wordpress\/plugins\/seo\/ -->\n<title>Legal Notice - David Moreau - Burgundy Wine<\/title>\n<meta name=\"robots\" content=\"index, follow, max-snippet:-1, max-image-preview:large, max-video-preview:-1\" \/>\n<link rel=\"canonical\" href=\"https:\/\/bourgogne-david-moreau.com\/en\/legal-notice\/\" \/>\n<meta property=\"og:locale\" content=\"fr_FR\" \/>\n<meta property=\"og:type\" content=\"article\" \/>\n<meta property=\"og:title\" content=\"Legal Notice - David Moreau - Burgundy Wine\" \/>\n<meta property=\"og:description\" content=\"La marque David MOREAU tient \u00e0 jour le pr\u00e9sent site internet pour l\u2019usage personnel des personnes l\u00e9galement autoris\u00e9es \u00e0 consommer [&hellip;]\" \/>\n<meta property=\"og:url\" content=\"https:\/\/bourgogne-david-moreau.com\/en\/legal-notice\/\" \/>\n<meta property=\"og:site_name\" content=\"David Moreau - Burgundy Wine\" \/>\n<meta property=\"article:modified_time\" content=\"2023-12-11T15:42:15+00:00\" \/>\n<meta property=\"og:image\" content=\"https:\/\/bourgogne-david-moreau.com\/en\/wp-content\/uploads\/sites\/4\/2023\/03\/mentions.jpg\" \/>\n\t<meta property=\"og:image:width\" content=\"1800\" \/>\n\t<meta property=\"og:image:height\" content=\"744\" \/>\n\t<meta property=\"og:image:type\" content=\"image\/jpeg\" \/>\n<meta name=\"twitter:card\" content=\"summary_large_image\" \/>\n<meta name=\"twitter:label1\" content=\"Dur\u00e9e de lecture estim\u00e9e\" \/>\n\t<meta name=\"twitter:data1\" content=\"4 minutes\" \/>\n<script type=\"application\/ld+json\" class=\"yoast-schema-graph\">{\"@context\":\"https:\/\/schema.org\",\"@graph\":[{\"@type\":\"WebPage\",\"@id\":\"https:\/\/bourgogne-david-moreau.com\/en\/legal-notice\/\",\"url\":\"https:\/\/bourgogne-david-moreau.com\/en\/legal-notice\/\",\"name\":\"Legal Notice - David Moreau - Burgundy Wine\",\"isPartOf\":{\"@id\":\"https:\/\/bourgogne-david-moreau.com\/en\/#website\"},\"primaryImageOfPage\":{\"@id\":\"https:\/\/bourgogne-david-moreau.com\/en\/legal-notice\/#primaryimage\"},\"image\":{\"@id\":\"https:\/\/bourgogne-david-moreau.com\/en\/legal-notice\/#primaryimage\"},\"thumbnailUrl\":\"https:\/\/bourgogne-david-moreau.com\/en\/wp-content\/uploads\/sites\/4\/2023\/03\/mentions.jpg\",\"datePublished\":\"2022-04-08T08:24:22+00:00\",\"dateModified\":\"2023-12-11T15:42:15+00:00\",\"breadcrumb\":{\"@id\":\"https:\/\/bourgogne-david-moreau.com\/en\/legal-notice\/#breadcrumb\"},\"inLanguage\":\"fr-FR\",\"potentialAction\":[{\"@type\":\"ReadAction\",\"target\":[\"https:\/\/bourgogne-david-moreau.com\/en\/legal-notice\/\"]}]},{\"@type\":\"ImageObject\",\"inLanguage\":\"fr-FR\",\"@id\":\"https:\/\/bourgogne-david-moreau.com\/en\/legal-notice\/#primaryimage\",\"url\":\"https:\/\/bourgogne-david-moreau.com\/en\/wp-content\/uploads\/sites\/4\/2023\/03\/mentions.jpg\",\"contentUrl\":\"https:\/\/bourgogne-david-moreau.com\/en\/wp-content\/uploads\/sites\/4\/2023\/03\/mentions.jpg\",\"width\":1800,\"height\":744},{\"@type\":\"BreadcrumbList\",\"@id\":\"https:\/\/bourgogne-david-moreau.com\/en\/legal-notice\/#breadcrumb\",\"itemListElement\":[{\"@type\":\"ListItem\",\"position\":1,\"name\":\"Accueil\",\"item\":\"https:\/\/bourgogne-david-moreau.com\/en\/\"},{\"@type\":\"ListItem\",\"position\":2,\"name\":\"Legal Notice\"}]},{\"@type\":\"WebSite\",\"@id\":\"https:\/\/bourgogne-david-moreau.com\/en\/#website\",\"url\":\"https:\/\/bourgogne-david-moreau.com\/en\/\",\"name\":\"David Moreau - Burgundy Wine\",\"description\":\"Vins de Bourgogne\",\"potentialAction\":[{\"@type\":\"SearchAction\",\"target\":{\"@type\":\"EntryPoint\",\"urlTemplate\":\"https:\/\/bourgogne-david-moreau.com\/en\/?s={search_term_string}\"},\"query-input\":{\"@type\":\"PropertyValueSpecification\",\"valueRequired\":true,\"valueName\":\"search_term_string\"}}],\"inLanguage\":\"fr-FR\"}]}<\/script>\n<!-- \/ Yoast SEO plugin. -->","yoast_head_json":{"title":"Legal Notice - David Moreau - Burgundy Wine","robots":{"index":"index","follow":"follow","max-snippet":"max-snippet:-1","max-image-preview":"max-image-preview:large","max-video-preview":"max-video-preview:-1"},"canonical":"https:\/\/bourgogne-david-moreau.com\/en\/legal-notice\/","og_locale":"fr_FR","og_type":"article","og_title":"Legal Notice - David Moreau - Burgundy Wine","og_description":"La marque David MOREAU tient \u00e0 jour le pr\u00e9sent site internet pour l\u2019usage personnel des personnes l\u00e9galement autoris\u00e9es \u00e0 consommer [&hellip;]","og_url":"https:\/\/bourgogne-david-moreau.com\/en\/legal-notice\/","og_site_name":"David Moreau - Burgundy Wine","article_modified_time":"2023-12-11T15:42:15+00:00","og_image":[{"width":1800,"height":744,"url":"https:\/\/bourgogne-david-moreau.com\/en\/wp-content\/uploads\/sites\/4\/2023\/03\/mentions.jpg","type":"image\/jpeg"}],"twitter_card":"summary_large_image","twitter_misc":{"Dur\u00e9e de lecture estim\u00e9e":"4 minutes"},"schema":{"@context":"https:\/\/schema.org","@graph":[{"@type":"WebPage","@id":"https:\/\/bourgogne-david-moreau.com\/en\/legal-notice\/","url":"https:\/\/bourgogne-david-moreau.com\/en\/legal-notice\/","name":"Legal Notice - David Moreau - Burgundy Wine","isPartOf":{"@id":"https:\/\/bourgogne-david-moreau.com\/en\/#website"},"primaryImageOfPage":{"@id":"https:\/\/bourgogne-david-moreau.com\/en\/legal-notice\/#primaryimage"},"image":{"@id":"https:\/\/bourgogne-david-moreau.com\/en\/legal-notice\/#primaryimage"},"thumbnailUrl":"https:\/\/bourgogne-david-moreau.com\/en\/wp-content\/uploads\/sites\/4\/2023\/03\/mentions.jpg","datePublished":"2022-04-08T08:24:22+00:00","dateModified":"2023-12-11T15:42:15+00:00","breadcrumb":{"@id":"https:\/\/bourgogne-david-moreau.com\/en\/legal-notice\/#breadcrumb"},"inLanguage":"fr-FR","potentialAction":[{"@type":"ReadAction","target":["https:\/\/bourgogne-david-moreau.com\/en\/legal-notice\/"]}]},{"@type":"ImageObject","inLanguage":"fr-FR","@id":"https:\/\/bourgogne-david-moreau.com\/en\/legal-notice\/#primaryimage","url":"https:\/\/bourgogne-david-moreau.com\/en\/wp-content\/uploads\/sites\/4\/2023\/03\/mentions.jpg","contentUrl":"https:\/\/bourgogne-david-moreau.com\/en\/wp-content\/uploads\/sites\/4\/2023\/03\/mentions.jpg","width":1800,"height":744},{"@type":"BreadcrumbList","@id":"https:\/\/bourgogne-david-moreau.com\/en\/legal-notice\/#breadcrumb","itemListElement":[{"@type":"ListItem","position":1,"name":"Accueil","item":"https:\/\/bourgogne-david-moreau.com\/en\/"},{"@type":"ListItem","position":2,"name":"Legal Notice"}]},{"@type":"WebSite","@id":"https:\/\/bourgogne-david-moreau.com\/en\/#website","url":"https:\/\/bourgogne-david-moreau.com\/en\/","name":"David Moreau - Burgundy Wine","description":"Vins de Bourgogne","potentialAction":[{"@type":"SearchAction","target":{"@type":"EntryPoint","urlTemplate":"https:\/\/bourgogne-david-moreau.com\/en\/?s={search_term_string}"},"query-input":{"@type":"PropertyValueSpecification","valueRequired":true,"valueName":"search_term_string"}}],"inLanguage":"fr-FR"}]}},"_links":{"self":[{"href":"https:\/\/bourgogne-david-moreau.com\/en\/wp-json\/wp\/v2\/pages\/87","targetHints":{"allow":["GET"]}}],"collection":[{"href":"https:\/\/bourgogne-david-moreau.com\/en\/wp-json\/wp\/v2\/pages"}],"about":[{"href":"https:\/\/bourgogne-david-moreau.com\/en\/wp-json\/wp\/v2\/types\/page"}],"author":[{"embeddable":true,"href":"https:\/\/bourgogne-david-moreau.com\/en\/wp-json\/wp\/v2\/users\/1"}],"replies":[{"embeddable":true,"href":"https:\/\/bourgogne-david-moreau.com\/en\/wp-json\/wp\/v2\/comments?post=87"}],"version-history":[{"count":6,"href":"https:\/\/bourgogne-david-moreau.com\/en\/wp-json\/wp\/v2\/pages\/87\/revisions"}],"predecessor-version":[{"id":396,"href":"https:\/\/bourgogne-david-moreau.com\/en\/wp-json\/wp\/v2\/pages\/87\/revisions\/396"}],"wp:featuredmedia":[{"embeddable":true,"href":"https:\/\/bourgogne-david-moreau.com\/en\/wp-json\/wp\/v2\/media\/307"}],"wp:attachment":[{"href":"https:\/\/bourgogne-david-moreau.com\/en\/wp-json\/wp\/v2\/media?parent=87"}],"wp:term":[{"taxonomy":"post_tag","embeddable":true,"href":"https:\/\/bourgogne-david-moreau.com\/en\/wp-json\/wp\/v2\/tags?post=87"}],"curies":[{"name":"wp","href":"https:\/\/api.w.org\/{rel}","templated":true}]}}