{"id":21,"date":"2022-03-23T10:01:27","date_gmt":"2022-03-23T09:01:27","guid":{"rendered":"https:\/\/bourgogne-david-moreau.com\/fr\/?page_id=21"},"modified":"2023-11-27T17:57:54","modified_gmt":"2023-11-27T16:57:54","slug":"le-domaine","status":"publish","type":"page","link":"https:\/\/bourgogne-david-moreau.com\/fr\/le-domaine\/","title":{"rendered":"Le domaine"},"content":{"rendered":"<div class=\"row\">\n<div class=\"col-md-6\">\n<h2>Notre philosophie<\/h2>\n<p>Un vin na\u00eet avant tout d&rsquo;un terroir.<\/p>\n<p>Nous attachons beaucoup d&rsquo;importance \u00e0 la qualit\u00e9 de nos raisins qui constituent la mati\u00e8re premi\u00e8re de nos vins. Nous veillons particuli\u00e8rement \u00e0 pr\u00e9server notre \u00e9cosyst\u00e8me fragile et notre environnement pour respecter les \u00e9quilibres naturels de la faune environnante, ainsi que ceux de la flore end\u00e9mique. Nous nous effor\u00e7ons de maintenir nos sols vivants et \u00e9quilibr\u00e9s, car c&rsquo;est l&rsquo;essence m\u00eame de l&rsquo;expression du caract\u00e8re de chaque terroir.<\/p>\n<p>Nous n&rsquo;utilisons ni d\u00e9sherbant,ni insecticide, et nous \u00e9vitons le tassement des sols, en travaillant avec des tracteurs l\u00e9gers, sur des sols ressuy\u00e9s. Nous privil\u00e9gions le travail manuel qui est plus respectueux des sols et de la plante. Nous suivons les principes de l&rsquo;Agriculture Biologique, mais nous ne demandons pas de certification.<\/p>\n<\/div>\n<div class=\"col-md-6\"><img decoding=\"async\" class=\"alignright wp-image-299\" src=\"https:\/\/bourgogne-david-moreau.com\/fr\/wp-content\/uploads\/sites\/2\/2023\/03\/philo.jpg\" alt=\"\" width=\"200\" height=\"133\" srcset=\"https:\/\/bourgogne-david-moreau.com\/fr\/wp-content\/uploads\/sites\/2\/2023\/03\/philo.jpg 700w, https:\/\/bourgogne-david-moreau.com\/fr\/wp-content\/uploads\/sites\/2\/2023\/03\/philo-350x234.jpg 350w\" sizes=\"(max-width: 200px) 100vw, 200px\" \/><\/div>\n<\/div>\n<div class=\"row\">\n<div class=\"col-md-6\"><img decoding=\"async\" class=\"alignleft wp-image-298\" src=\"https:\/\/bourgogne-david-moreau.com\/fr\/wp-content\/uploads\/sites\/2\/2023\/03\/elevage.jpg\" alt=\"\" width=\"200\" height=\"133\" srcset=\"https:\/\/bourgogne-david-moreau.com\/fr\/wp-content\/uploads\/sites\/2\/2023\/03\/elevage.jpg 700w, https:\/\/bourgogne-david-moreau.com\/fr\/wp-content\/uploads\/sites\/2\/2023\/03\/elevage-350x234.jpg 350w\" sizes=\"(max-width: 200px) 100vw, 200px\" \/><\/div>\n<div class=\"col-md-6\">\n<h2>Vinification et \u00e9levage<\/h2>\n<p>La p\u00e9riode des vendanges est un moment crucial dans l&rsquo;\u00e9laboration des vins. Chaque d\u00e9cision prise aura un impact sur la qualit\u00e9 du mill\u00e9sime. Il s&rsquo;agit pour nous d&rsquo;\u00eatre tr\u00e8s attentif pour comprendre ses particularit\u00e9s et tirer la quintessence de chaque ann\u00e9e.<\/p>\n<p>La r\u00e9colte se fait exclusivement \u00e0 la main en petites caisses afin de conserver l&rsquo;int\u00e9grit\u00e9 des raisins.<br \/>\nApr\u00e8s un tri rigoureux, la vendange est vinifi\u00e9e en cuve b\u00e9ton pour les rouges et en cuves inox pour les blancs pendant une quinzaine de jours avant de vieillir en f\u00fbt de ch\u00eane dans nos caves du XVIe si\u00e8cle.<\/p>\n<\/div>\n<\/div>\n","protected":false},"excerpt":{"rendered":"<p>Notre philosophie Un vin na\u00eet avant tout d&rsquo;un terroir. Nous attachons beaucoup d&rsquo;importance \u00e0 la qualit\u00e9 de nos raisins qui [&hellip;]<\/p>\n","protected":false},"author":1,"featured_media":297,"parent":0,"menu_order":0,"comment_status":"closed","ping_status":"closed","template":"","meta":{"_acf_changed":false,"inline_featured_image":false,"footnotes":""},"tags":[],"class_list":["post-21","page","type-page","status-publish","has-post-thumbnail","hentry"],"acf":[],"yoast_head":"<!-- This site is optimized with the Yoast SEO plugin v24.7 - https:\/\/yoast.com\/wordpress\/plugins\/seo\/ -->\n<title>Le domaine - David Moreau - Vins de Bourgogne<\/title>\n<meta name=\"robots\" content=\"index, follow, max-snippet:-1, max-image-preview:large, max-video-preview:-1\" \/>\n<link rel=\"canonical\" href=\"https:\/\/bourgogne-david-moreau.com\/fr\/le-domaine\/\" \/>\n<meta property=\"og:locale\" content=\"fr_FR\" \/>\n<meta property=\"og:type\" content=\"article\" \/>\n<meta property=\"og:title\" content=\"Le domaine - David Moreau - Vins de Bourgogne\" \/>\n<meta property=\"og:description\" content=\"Notre philosophie Un vin na\u00eet avant tout d&rsquo;un terroir. Nous attachons beaucoup d&rsquo;importance \u00e0 la qualit\u00e9 de nos raisins qui [&hellip;]\" \/>\n<meta property=\"og:url\" content=\"https:\/\/bourgogne-david-moreau.com\/fr\/le-domaine\/\" \/>\n<meta property=\"og:site_name\" content=\"David Moreau - Vins de Bourgogne\" \/>\n<meta property=\"article:modified_time\" content=\"2023-11-27T16:57:54+00:00\" \/>\n<meta property=\"og:image\" content=\"https:\/\/bourgogne-david-moreau.com\/fr\/wp-content\/uploads\/sites\/2\/2023\/03\/domaine-1.jpg\" \/>\n\t<meta property=\"og:image:width\" content=\"2000\" \/>\n\t<meta property=\"og:image:height\" content=\"915\" \/>\n\t<meta property=\"og:image:type\" content=\"image\/jpeg\" \/>\n<meta name=\"twitter:card\" content=\"summary_large_image\" \/>\n<meta name=\"twitter:label1\" content=\"Dur\u00e9e de lecture estim\u00e9e\" \/>\n\t<meta name=\"twitter:data1\" content=\"1 minute\" \/>\n<script type=\"application\/ld+json\" class=\"yoast-schema-graph\">{\"@context\":\"https:\/\/schema.org\",\"@graph\":[{\"@type\":\"WebPage\",\"@id\":\"https:\/\/bourgogne-david-moreau.com\/fr\/le-domaine\/\",\"url\":\"https:\/\/bourgogne-david-moreau.com\/fr\/le-domaine\/\",\"name\":\"Le domaine - David Moreau - Vins de Bourgogne\",\"isPartOf\":{\"@id\":\"https:\/\/bourgogne-david-moreau.com\/fr\/#website\"},\"primaryImageOfPage\":{\"@id\":\"https:\/\/bourgogne-david-moreau.com\/fr\/le-domaine\/#primaryimage\"},\"image\":{\"@id\":\"https:\/\/bourgogne-david-moreau.com\/fr\/le-domaine\/#primaryimage\"},\"thumbnailUrl\":\"https:\/\/bourgogne-david-moreau.com\/fr\/wp-content\/uploads\/sites\/2\/2023\/03\/domaine-1.jpg\",\"datePublished\":\"2022-03-23T09:01:27+00:00\",\"dateModified\":\"2023-11-27T16:57:54+00:00\",\"breadcrumb\":{\"@id\":\"https:\/\/bourgogne-david-moreau.com\/fr\/le-domaine\/#breadcrumb\"},\"inLanguage\":\"fr-FR\",\"potentialAction\":[{\"@type\":\"ReadAction\",\"target\":[\"https:\/\/bourgogne-david-moreau.com\/fr\/le-domaine\/\"]}]},{\"@type\":\"ImageObject\",\"inLanguage\":\"fr-FR\",\"@id\":\"https:\/\/bourgogne-david-moreau.com\/fr\/le-domaine\/#primaryimage\",\"url\":\"https:\/\/bourgogne-david-moreau.com\/fr\/wp-content\/uploads\/sites\/2\/2023\/03\/domaine-1.jpg\",\"contentUrl\":\"https:\/\/bourgogne-david-moreau.com\/fr\/wp-content\/uploads\/sites\/2\/2023\/03\/domaine-1.jpg\",\"width\":2000,\"height\":915},{\"@type\":\"BreadcrumbList\",\"@id\":\"https:\/\/bourgogne-david-moreau.com\/fr\/le-domaine\/#breadcrumb\",\"itemListElement\":[{\"@type\":\"ListItem\",\"position\":1,\"name\":\"Accueil\",\"item\":\"https:\/\/bourgogne-david-moreau.com\/fr\/\"},{\"@type\":\"ListItem\",\"position\":2,\"name\":\"Le domaine\"}]},{\"@type\":\"WebSite\",\"@id\":\"https:\/\/bourgogne-david-moreau.com\/fr\/#website\",\"url\":\"https:\/\/bourgogne-david-moreau.com\/fr\/\",\"name\":\"David Moreau - Vins de Bourgogne\",\"description\":\"Vins de Bourgogne\",\"potentialAction\":[{\"@type\":\"SearchAction\",\"target\":{\"@type\":\"EntryPoint\",\"urlTemplate\":\"https:\/\/bourgogne-david-moreau.com\/fr\/?s={search_term_string}\"},\"query-input\":{\"@type\":\"PropertyValueSpecification\",\"valueRequired\":true,\"valueName\":\"search_term_string\"}}],\"inLanguage\":\"fr-FR\"}]}<\/script>\n<!-- \/ Yoast SEO plugin. -->","yoast_head_json":{"title":"Le domaine - David Moreau - Vins de Bourgogne","robots":{"index":"index","follow":"follow","max-snippet":"max-snippet:-1","max-image-preview":"max-image-preview:large","max-video-preview":"max-video-preview:-1"},"canonical":"https:\/\/bourgogne-david-moreau.com\/fr\/le-domaine\/","og_locale":"fr_FR","og_type":"article","og_title":"Le domaine - David Moreau - Vins de Bourgogne","og_description":"Notre philosophie Un vin na\u00eet avant tout d&rsquo;un terroir. Nous attachons beaucoup d&rsquo;importance \u00e0 la qualit\u00e9 de nos raisins qui [&hellip;]","og_url":"https:\/\/bourgogne-david-moreau.com\/fr\/le-domaine\/","og_site_name":"David Moreau - Vins de Bourgogne","article_modified_time":"2023-11-27T16:57:54+00:00","og_image":[{"width":2000,"height":915,"url":"https:\/\/bourgogne-david-moreau.com\/fr\/wp-content\/uploads\/sites\/2\/2023\/03\/domaine-1.jpg","type":"image\/jpeg"}],"twitter_card":"summary_large_image","twitter_misc":{"Dur\u00e9e de lecture estim\u00e9e":"1 minute"},"schema":{"@context":"https:\/\/schema.org","@graph":[{"@type":"WebPage","@id":"https:\/\/bourgogne-david-moreau.com\/fr\/le-domaine\/","url":"https:\/\/bourgogne-david-moreau.com\/fr\/le-domaine\/","name":"Le domaine - David Moreau - Vins de Bourgogne","isPartOf":{"@id":"https:\/\/bourgogne-david-moreau.com\/fr\/#website"},"primaryImageOfPage":{"@id":"https:\/\/bourgogne-david-moreau.com\/fr\/le-domaine\/#primaryimage"},"image":{"@id":"https:\/\/bourgogne-david-moreau.com\/fr\/le-domaine\/#primaryimage"},"thumbnailUrl":"https:\/\/bourgogne-david-moreau.com\/fr\/wp-content\/uploads\/sites\/2\/2023\/03\/domaine-1.jpg","datePublished":"2022-03-23T09:01:27+00:00","dateModified":"2023-11-27T16:57:54+00:00","breadcrumb":{"@id":"https:\/\/bourgogne-david-moreau.com\/fr\/le-domaine\/#breadcrumb"},"inLanguage":"fr-FR","potentialAction":[{"@type":"ReadAction","target":["https:\/\/bourgogne-david-moreau.com\/fr\/le-domaine\/"]}]},{"@type":"ImageObject","inLanguage":"fr-FR","@id":"https:\/\/bourgogne-david-moreau.com\/fr\/le-domaine\/#primaryimage","url":"https:\/\/bourgogne-david-moreau.com\/fr\/wp-content\/uploads\/sites\/2\/2023\/03\/domaine-1.jpg","contentUrl":"https:\/\/bourgogne-david-moreau.com\/fr\/wp-content\/uploads\/sites\/2\/2023\/03\/domaine-1.jpg","width":2000,"height":915},{"@type":"BreadcrumbList","@id":"https:\/\/bourgogne-david-moreau.com\/fr\/le-domaine\/#breadcrumb","itemListElement":[{"@type":"ListItem","position":1,"name":"Accueil","item":"https:\/\/bourgogne-david-moreau.com\/fr\/"},{"@type":"ListItem","position":2,"name":"Le domaine"}]},{"@type":"WebSite","@id":"https:\/\/bourgogne-david-moreau.com\/fr\/#website","url":"https:\/\/bourgogne-david-moreau.com\/fr\/","name":"David Moreau - Vins de Bourgogne","description":"Vins de Bourgogne","potentialAction":[{"@type":"SearchAction","target":{"@type":"EntryPoint","urlTemplate":"https:\/\/bourgogne-david-moreau.com\/fr\/?s={search_term_string}"},"query-input":{"@type":"PropertyValueSpecification","valueRequired":true,"valueName":"search_term_string"}}],"inLanguage":"fr-FR"}]}},"_links":{"self":[{"href":"https:\/\/bourgogne-david-moreau.com\/fr\/wp-json\/wp\/v2\/pages\/21","targetHints":{"allow":["GET"]}}],"collection":[{"href":"https:\/\/bourgogne-david-moreau.com\/fr\/wp-json\/wp\/v2\/pages"}],"about":[{"href":"https:\/\/bourgogne-david-moreau.com\/fr\/wp-json\/wp\/v2\/types\/page"}],"author":[{"embeddable":true,"href":"https:\/\/bourgogne-david-moreau.com\/fr\/wp-json\/wp\/v2\/users\/1"}],"replies":[{"embeddable":true,"href":"https:\/\/bourgogne-david-moreau.com\/fr\/wp-json\/wp\/v2\/comments?post=21"}],"version-history":[{"count":22,"href":"https:\/\/bourgogne-david-moreau.com\/fr\/wp-json\/wp\/v2\/pages\/21\/revisions"}],"predecessor-version":[{"id":336,"href":"https:\/\/bourgogne-david-moreau.com\/fr\/wp-json\/wp\/v2\/pages\/21\/revisions\/336"}],"wp:featuredmedia":[{"embeddable":true,"href":"https:\/\/bourgogne-david-moreau.com\/fr\/wp-json\/wp\/v2\/media\/297"}],"wp:attachment":[{"href":"https:\/\/bourgogne-david-moreau.com\/fr\/wp-json\/wp\/v2\/media?parent=21"}],"wp:term":[{"taxonomy":"post_tag","embeddable":true,"href":"https:\/\/bourgogne-david-moreau.com\/fr\/wp-json\/wp\/v2\/tags?post=21"}],"curies":[{"name":"wp","href":"https:\/\/api.w.org\/{rel}","templated":true}]}}