{"id":24,"date":"2022-03-23T10:05:48","date_gmt":"2022-03-23T09:05:48","guid":{"rendered":"https:\/\/bourgogne-david-moreau.com\/fr\/?page_id=24"},"modified":"2023-12-11T16:00:01","modified_gmt":"2023-12-11T15:00:01","slug":"contact","status":"publish","type":"page","link":"https:\/\/bourgogne-david-moreau.com\/fr\/contact\/","title":{"rendered":"Contact"},"content":{"rendered":"<h2>Domaine David MOREAU<\/h2>\n<p><a href=\"tel:+33685963028\"><img decoding=\"async\" class=\"wp-image-231 alignleft\" style=\"margin: 3px 5px 0 0;\" src=\"https:\/\/bourgogne-david-moreau.com\/fr\/wp-content\/uploads\/sites\/2\/2022\/04\/phone.svg\" alt=\"\" width=\"19\" height=\"18\" \/> +33 6 85 96 30 28<\/a><\/p>\n<p>2 rue de la Bussi\u00e8re<br \/>\n21590 SANTENAY<br \/>\nFRANCE<\/p>\n<p><strong>Visite uniquement sur rendez-vous.<\/strong><\/p>\n<p><a class=\"btn2 map\" href=\"https:\/\/www.google.com\/maps\/dir\/\/2+Rue+de+la+Bussi%C3%A8re,+21590+Santenay\/@46.9142272,4.6930614,17z\/data=!4m9!4m8!1m0!1m5!1m1!1s0x47f25867c2c7a2f7:0xa7fa1c42ab055553!2m2!1d4.6956363!2d46.9142236!3e0?entry=ttu\" rel=\"nofollow\">Itin\u00e9raire<\/a><\/p>\n<h3>Nous contacter par email<\/h3>\n\n<div class=\"wpcf7 no-js\" id=\"wpcf7-f118-o1\" lang=\"fr-FR\" dir=\"ltr\" data-wpcf7-id=\"118\">\n<div class=\"screen-reader-response\"><p role=\"status\" aria-live=\"polite\" aria-atomic=\"true\"><\/p> <ul><\/ul><\/div>\n<form action=\"\/fr\/wp-json\/wp\/v2\/pages\/24#wpcf7-f118-o1\" method=\"post\" class=\"wpcf7-form init\" aria-label=\"Formulaire de contact\" novalidate=\"novalidate\" data-status=\"init\">\n<div style=\"display: none;\">\n<input type=\"hidden\" name=\"_wpcf7\" value=\"118\" \/>\n<input type=\"hidden\" name=\"_wpcf7_version\" value=\"6.0.5\" \/>\n<input type=\"hidden\" name=\"_wpcf7_locale\" value=\"fr_FR\" \/>\n<input type=\"hidden\" name=\"_wpcf7_unit_tag\" value=\"wpcf7-f118-o1\" \/>\n<input type=\"hidden\" name=\"_wpcf7_container_post\" value=\"0\" \/>\n<input type=\"hidden\" name=\"_wpcf7_posted_data_hash\" value=\"\" \/>\n<input type=\"hidden\" name=\"_wpcf7_recaptcha_response\" value=\"\" \/>\n<\/div>\n<input class=\"wpcf7-form-control wpcf7-hidden source\" value=\"\" type=\"hidden\" name=\"source\" \/>\n<div class=\"row\">\n\t<div class=\"col-md-6\">\n\t\t<p><span class=\"wpcf7-form-control-wrap\" data-name=\"nom\"><input size=\"40\" maxlength=\"400\" class=\"wpcf7-form-control wpcf7-text wpcf7-validates-as-required\" aria-required=\"true\" aria-invalid=\"false\" placeholder=\"Votre nom *\" value=\"\" type=\"text\" name=\"nom\" \/><\/span>\n\t\t<\/p>\n\t<\/div>\n\t<div class=\"col-md-6\">\n\t\t<p><span class=\"wpcf7-form-control-wrap\" data-name=\"prenom\"><input size=\"40\" maxlength=\"400\" class=\"wpcf7-form-control wpcf7-text wpcf7-validates-as-required\" aria-required=\"true\" aria-invalid=\"false\" placeholder=\"Votre pr\u00e9nom *\" value=\"\" type=\"text\" name=\"prenom\" \/><\/span>\n\t\t<\/p>\n\t<\/div>\n\t<div class=\"col-md-6\">\n\t\t<p><span class=\"wpcf7-form-control-wrap\" data-name=\"email\"><input size=\"40\" maxlength=\"400\" class=\"wpcf7-form-control wpcf7-email wpcf7-validates-as-required wpcf7-text wpcf7-validates-as-email\" aria-required=\"true\" aria-invalid=\"false\" placeholder=\"Votre adresse email *\" value=\"\" type=\"email\" name=\"email\" \/><\/span>\n\t\t<\/p>\n\t<\/div>\n\t<div class=\"col-md-6\">\n\t\t<p><span class=\"wpcf7-form-control-wrap\" data-name=\"telephone\"><input size=\"40\" maxlength=\"400\" class=\"wpcf7-form-control wpcf7-tel wpcf7-text wpcf7-validates-as-tel\" aria-invalid=\"false\" placeholder=\"Votre t\u00e9l\u00e9phone\" value=\"\" type=\"tel\" name=\"telephone\" \/><\/span>\n\t\t<\/p>\n\t<\/div>\n\t<div class=\"col-md-12\">\n\t\t<p><span class=\"wpcf7-form-control-wrap\" data-name=\"message\"><textarea cols=\"40\" rows=\"10\" maxlength=\"2000\" class=\"wpcf7-form-control wpcf7-textarea wpcf7-validates-as-required\" aria-required=\"true\" aria-invalid=\"false\" placeholder=\"Votre message*\" name=\"message\"><\/textarea><\/span>\n\t\t<\/p>\n\t<\/div>\n\t<div class=\"col-md-12\">\n\t\t<p><input class=\"wpcf7-form-control wpcf7-submit has-spinner btn2\" type=\"submit\" value=\"Envoyer &gt;\" \/>\n\t\t<\/p>\n\t<\/div>\n<\/div>\n<p><small>* Champs obligatoires. En soumettant ce formulaire, vous acceptez que les informations saisies soient utilis\u00e9es pour apporter une r\u00e9ponse \u00e0 votre demande.<\/small>\n<\/p><div class=\"wpcf7-response-output\" aria-hidden=\"true\"><\/div>\n<\/form>\n<\/div>\n\n","protected":false},"excerpt":{"rendered":"<p>Domaine David MOREAU +33 6 85 96 30 28 2 rue de la Bussi\u00e8re 21590 SANTENAY FRANCE Visite uniquement sur [&hellip;]<\/p>\n","protected":false},"author":1,"featured_media":294,"parent":0,"menu_order":0,"comment_status":"closed","ping_status":"closed","template":"page-contact.php","meta":{"_acf_changed":false,"inline_featured_image":false,"footnotes":""},"tags":[],"class_list":["post-24","page","type-page","status-publish","has-post-thumbnail","hentry"],"acf":[],"yoast_head":"<!-- This site is optimized with the Yoast SEO plugin v24.7 - https:\/\/yoast.com\/wordpress\/plugins\/seo\/ -->\n<title>Contact - David Moreau - Vins de Bourgogne<\/title>\n<meta name=\"robots\" content=\"index, follow, max-snippet:-1, max-image-preview:large, max-video-preview:-1\" \/>\n<link rel=\"canonical\" href=\"https:\/\/bourgogne-david-moreau.com\/fr\/contact\/\" \/>\n<meta property=\"og:locale\" content=\"fr_FR\" \/>\n<meta property=\"og:type\" content=\"article\" \/>\n<meta property=\"og:title\" content=\"Contact - David Moreau - Vins de Bourgogne\" \/>\n<meta property=\"og:description\" content=\"Domaine David MOREAU +33 6 85 96 30 28 2 rue de la Bussi\u00e8re 21590 SANTENAY FRANCE Visite uniquement sur [&hellip;]\" \/>\n<meta property=\"og:url\" content=\"https:\/\/bourgogne-david-moreau.com\/fr\/contact\/\" \/>\n<meta property=\"og:site_name\" content=\"David Moreau - Vins de Bourgogne\" \/>\n<meta property=\"article:modified_time\" content=\"2023-12-11T15:00:01+00:00\" \/>\n<meta property=\"og:image\" content=\"https:\/\/bourgogne-david-moreau.com\/fr\/wp-content\/uploads\/sites\/2\/2023\/03\/contact-1.jpg\" \/>\n\t<meta property=\"og:image:width\" content=\"2000\" \/>\n\t<meta property=\"og:image:height\" content=\"934\" \/>\n\t<meta property=\"og:image:type\" content=\"image\/jpeg\" \/>\n<meta name=\"twitter:card\" content=\"summary_large_image\" \/>\n<script type=\"application\/ld+json\" class=\"yoast-schema-graph\">{\"@context\":\"https:\/\/schema.org\",\"@graph\":[{\"@type\":\"WebPage\",\"@id\":\"https:\/\/bourgogne-david-moreau.com\/fr\/contact\/\",\"url\":\"https:\/\/bourgogne-david-moreau.com\/fr\/contact\/\",\"name\":\"Contact - David Moreau - Vins de Bourgogne\",\"isPartOf\":{\"@id\":\"https:\/\/bourgogne-david-moreau.com\/fr\/#website\"},\"primaryImageOfPage\":{\"@id\":\"https:\/\/bourgogne-david-moreau.com\/fr\/contact\/#primaryimage\"},\"image\":{\"@id\":\"https:\/\/bourgogne-david-moreau.com\/fr\/contact\/#primaryimage\"},\"thumbnailUrl\":\"https:\/\/bourgogne-david-moreau.com\/fr\/wp-content\/uploads\/sites\/2\/2023\/03\/contact-1.jpg\",\"datePublished\":\"2022-03-23T09:05:48+00:00\",\"dateModified\":\"2023-12-11T15:00:01+00:00\",\"breadcrumb\":{\"@id\":\"https:\/\/bourgogne-david-moreau.com\/fr\/contact\/#breadcrumb\"},\"inLanguage\":\"fr-FR\",\"potentialAction\":[{\"@type\":\"ReadAction\",\"target\":[\"https:\/\/bourgogne-david-moreau.com\/fr\/contact\/\"]}]},{\"@type\":\"ImageObject\",\"inLanguage\":\"fr-FR\",\"@id\":\"https:\/\/bourgogne-david-moreau.com\/fr\/contact\/#primaryimage\",\"url\":\"https:\/\/bourgogne-david-moreau.com\/fr\/wp-content\/uploads\/sites\/2\/2023\/03\/contact-1.jpg\",\"contentUrl\":\"https:\/\/bourgogne-david-moreau.com\/fr\/wp-content\/uploads\/sites\/2\/2023\/03\/contact-1.jpg\",\"width\":2000,\"height\":934},{\"@type\":\"BreadcrumbList\",\"@id\":\"https:\/\/bourgogne-david-moreau.com\/fr\/contact\/#breadcrumb\",\"itemListElement\":[{\"@type\":\"ListItem\",\"position\":1,\"name\":\"Accueil\",\"item\":\"https:\/\/bourgogne-david-moreau.com\/fr\/\"},{\"@type\":\"ListItem\",\"position\":2,\"name\":\"Contact\"}]},{\"@type\":\"WebSite\",\"@id\":\"https:\/\/bourgogne-david-moreau.com\/fr\/#website\",\"url\":\"https:\/\/bourgogne-david-moreau.com\/fr\/\",\"name\":\"David Moreau - Vins de Bourgogne\",\"description\":\"Vins de Bourgogne\",\"potentialAction\":[{\"@type\":\"SearchAction\",\"target\":{\"@type\":\"EntryPoint\",\"urlTemplate\":\"https:\/\/bourgogne-david-moreau.com\/fr\/?s={search_term_string}\"},\"query-input\":{\"@type\":\"PropertyValueSpecification\",\"valueRequired\":true,\"valueName\":\"search_term_string\"}}],\"inLanguage\":\"fr-FR\"}]}<\/script>\n<!-- \/ Yoast SEO plugin. -->","yoast_head_json":{"title":"Contact - David Moreau - Vins de Bourgogne","robots":{"index":"index","follow":"follow","max-snippet":"max-snippet:-1","max-image-preview":"max-image-preview:large","max-video-preview":"max-video-preview:-1"},"canonical":"https:\/\/bourgogne-david-moreau.com\/fr\/contact\/","og_locale":"fr_FR","og_type":"article","og_title":"Contact - David Moreau - Vins de Bourgogne","og_description":"Domaine David MOREAU +33 6 85 96 30 28 2 rue de la Bussi\u00e8re 21590 SANTENAY FRANCE Visite uniquement sur [&hellip;]","og_url":"https:\/\/bourgogne-david-moreau.com\/fr\/contact\/","og_site_name":"David Moreau - Vins de Bourgogne","article_modified_time":"2023-12-11T15:00:01+00:00","og_image":[{"width":2000,"height":934,"url":"https:\/\/bourgogne-david-moreau.com\/fr\/wp-content\/uploads\/sites\/2\/2023\/03\/contact-1.jpg","type":"image\/jpeg"}],"twitter_card":"summary_large_image","schema":{"@context":"https:\/\/schema.org","@graph":[{"@type":"WebPage","@id":"https:\/\/bourgogne-david-moreau.com\/fr\/contact\/","url":"https:\/\/bourgogne-david-moreau.com\/fr\/contact\/","name":"Contact - David Moreau - Vins de Bourgogne","isPartOf":{"@id":"https:\/\/bourgogne-david-moreau.com\/fr\/#website"},"primaryImageOfPage":{"@id":"https:\/\/bourgogne-david-moreau.com\/fr\/contact\/#primaryimage"},"image":{"@id":"https:\/\/bourgogne-david-moreau.com\/fr\/contact\/#primaryimage"},"thumbnailUrl":"https:\/\/bourgogne-david-moreau.com\/fr\/wp-content\/uploads\/sites\/2\/2023\/03\/contact-1.jpg","datePublished":"2022-03-23T09:05:48+00:00","dateModified":"2023-12-11T15:00:01+00:00","breadcrumb":{"@id":"https:\/\/bourgogne-david-moreau.com\/fr\/contact\/#breadcrumb"},"inLanguage":"fr-FR","potentialAction":[{"@type":"ReadAction","target":["https:\/\/bourgogne-david-moreau.com\/fr\/contact\/"]}]},{"@type":"ImageObject","inLanguage":"fr-FR","@id":"https:\/\/bourgogne-david-moreau.com\/fr\/contact\/#primaryimage","url":"https:\/\/bourgogne-david-moreau.com\/fr\/wp-content\/uploads\/sites\/2\/2023\/03\/contact-1.jpg","contentUrl":"https:\/\/bourgogne-david-moreau.com\/fr\/wp-content\/uploads\/sites\/2\/2023\/03\/contact-1.jpg","width":2000,"height":934},{"@type":"BreadcrumbList","@id":"https:\/\/bourgogne-david-moreau.com\/fr\/contact\/#breadcrumb","itemListElement":[{"@type":"ListItem","position":1,"name":"Accueil","item":"https:\/\/bourgogne-david-moreau.com\/fr\/"},{"@type":"ListItem","position":2,"name":"Contact"}]},{"@type":"WebSite","@id":"https:\/\/bourgogne-david-moreau.com\/fr\/#website","url":"https:\/\/bourgogne-david-moreau.com\/fr\/","name":"David Moreau - Vins de Bourgogne","description":"Vins de Bourgogne","potentialAction":[{"@type":"SearchAction","target":{"@type":"EntryPoint","urlTemplate":"https:\/\/bourgogne-david-moreau.com\/fr\/?s={search_term_string}"},"query-input":{"@type":"PropertyValueSpecification","valueRequired":true,"valueName":"search_term_string"}}],"inLanguage":"fr-FR"}]}},"_links":{"self":[{"href":"https:\/\/bourgogne-david-moreau.com\/fr\/wp-json\/wp\/v2\/pages\/24","targetHints":{"allow":["GET"]}}],"collection":[{"href":"https:\/\/bourgogne-david-moreau.com\/fr\/wp-json\/wp\/v2\/pages"}],"about":[{"href":"https:\/\/bourgogne-david-moreau.com\/fr\/wp-json\/wp\/v2\/types\/page"}],"author":[{"embeddable":true,"href":"https:\/\/bourgogne-david-moreau.com\/fr\/wp-json\/wp\/v2\/users\/1"}],"replies":[{"embeddable":true,"href":"https:\/\/bourgogne-david-moreau.com\/fr\/wp-json\/wp\/v2\/comments?post=24"}],"version-history":[{"count":24,"href":"https:\/\/bourgogne-david-moreau.com\/fr\/wp-json\/wp\/v2\/pages\/24\/revisions"}],"predecessor-version":[{"id":388,"href":"https:\/\/bourgogne-david-moreau.com\/fr\/wp-json\/wp\/v2\/pages\/24\/revisions\/388"}],"wp:featuredmedia":[{"embeddable":true,"href":"https:\/\/bourgogne-david-moreau.com\/fr\/wp-json\/wp\/v2\/media\/294"}],"wp:attachment":[{"href":"https:\/\/bourgogne-david-moreau.com\/fr\/wp-json\/wp\/v2\/media?parent=24"}],"wp:term":[{"taxonomy":"post_tag","embeddable":true,"href":"https:\/\/bourgogne-david-moreau.com\/fr\/wp-json\/wp\/v2\/tags?post=24"}],"curies":[{"name":"wp","href":"https:\/\/api.w.org\/{rel}","templated":true}]}}